{"id":56,"date":"2024-08-21T17:42:44","date_gmt":"2024-08-21T17:42:44","guid":{"rendered":"http:\/\/hogarmanosjesus.softonitg.com\/?page_id=56"},"modified":"2024-11-27T17:41:13","modified_gmt":"2024-11-27T17:41:13","slug":"contacto","status":"publish","type":"page","link":"https:\/\/hogarmanosdejesuscr.com\/en\/contacto\/","title":{"rendered":"Contact"},"content":{"rendered":"<div class=\"wpb-content-wrapper\"><div class=\"vc_row wpb_row vc_row-fluid\"><div class=\"wpb_column vc_column_container vc_col-sm-12 sc_layouts_column_icons_position_left\"><div class=\"vc_column-inner\"><div class=\"wpb_wrapper\">\n\t\t\t\t<p class=\"rs-p-wp-fix\"><\/p>\n\t\t\t\t<sr7-module data-alias=\"slider-contacto\" data-id=\"9\" id=\"SR7_9_1\" class=\"rs-ov-hidden\" data-version=\"6.7.15\">\n\t\t\t\t\t<sr7-adjuster><\/sr7-adjuster>\n\t\t\t\t\t<sr7-content>\n\t\t\t\t\t\t<sr7-slide id=\"SR7_9_1-19\" data-key=\"19\">\n\t\t\t\t\t\t\t<sr7-txt id=\"SR7_9_1-19-1\" class=\"sr7-layer\">Contact<\/sr7-txt>\n\t\t\t\t\t\t\t<sr7-txt id=\"SR7_9_1-19-2\" class=\"sr7-layer\">A single action can bring a thousand smiles<\/sr7-txt>\n\t\t\t\t\t\t<\/sr7-slide>\n\t\t\t\t\t\t<sr7-slide id=\"SR7_9_1-20\" data-key=\"20\">\n\t\t\t\t\t\t<\/sr7-slide>\n\t\t\t\t\t<\/sr7-content>\n\t\t\t\t\t<image_lists style=\"display:none\">\n\t\t\t\t\t\t<img data-src=\"\/\/hogarmanosdejesuscr.com\/wp-content\/uploads\/2024\/09\/HeaderContacto.webp\" data-libid=\"877\" data-lib=\"medialibrary\" alt=\"Fondo amarillo\" title=\"HeaderContacto\" width=\"0\" height=\"0\" data-dbsrc=\"Ly9ob2dhcm1hbm9zZGVqZXN1c2NyLmNvbS93cC1jb250ZW50L3VwbG9hZHMvMjAyNC8wOS9IZWFkZXJDb250YWN0by53ZWJw\"\/>\n\t\t\t\t\t<\/image_lists>\n\t\t\t\t<\/sr7-module>\n\t\t\t\t<script>\n\t\t\t\t\tSR7.PMH ??={}; SR7.PMH[\"SR7_9_1\"] = {cn:0,state:false,fn: function() { if (_tpt!==undefined && _tpt.prepareModuleHeight !== undefined) {  _tpt.prepareModuleHeight({id:\"SR7_9_1\",el:[900,900,900,900,480],type:'standard',shdw:'0',gh:[900,900,900,900,480],gw:[1920,1920,1920,1920,480],vpt:['100px&#039;,&#039;100px&#039;,&#039;100px&#039;,&#039;100px&#039;,&#039;100px'],size:{fullWidth:true, fullHeight:false},mh:'0',onh:0,onw:0,bg:{color:'{\"orig\":\"transparent\",\"type\":\"solid\",\"string\":\"transparent\"}'}});   SR7.PMH[\"SR7_9_1\"].state=true;} else if((SR7.PMH[\"SR7_9_1\"].cn++)<100)\tsetTimeout( SR7.PMH[\"SR7_9_1\"].fn,19);}};SR7.PMH[\"SR7_9_1\" ].fn();\n\t\t\t\t<\/script>\n<\/div><\/div><\/div><\/div><section class=\"vc_section horario-section vc_section-o-content-middle vc_section-flex\"><div class=\"vc_row wpb_row vc_row-fluid info-container\"><div class=\"icono-ubicacion-contacto wpb_column vc_column_container vc_col-sm-1 sc_layouts_column sc_layouts_column_align_right sc_layouts_column_icons_position_left\"><div class=\"vc_column-inner\"><div class=\"wpb_wrapper\">\n\t<div  class=\"wpb_single_image wpb_content_element vc_align_left wpb_content_element\">\n\t\t\n\t\t<figure class=\"wpb_wrapper vc_figure\">\n\t\t\t<div class=\"vc_single_image-wrapper   vc_box_border_grey\"><img decoding=\"async\" class=\"vc_single_image-img\" src=\"https:\/\/hogarmanosdejesuscr.com\/wp-content\/uploads\/2024\/09\/VectorContactoUbicacion-56x63.webp\" width=\"56\" height=\"63\" alt=\"Ubicacion\" title=\"VectorContactoUbicaci\u00f3n\" loading=\"lazy\" \/><\/div>\n\t\t<\/figure>\n\t<\/div>\n<\/div><\/div><\/div><div class=\"wpb_column vc_column_container vc_col-sm-10 sc_layouts_column_icons_position_left\"><div class=\"vc_column-inner\"><div class=\"wpb_wrapper\">\n\t<div class=\"wpb_text_column wpb_content_element info-titulo\" >\n\t\t<div class=\"wpb_wrapper\">\n\t\t\t<p style=\"font-size: 28px; font-weight: bold; color: #3e3e3f;\">Location<\/p>\n\n\t\t<\/div>\n\t<\/div>\n\n\t<div class=\"wpb_text_column wpb_content_element vc_custom_1727764927705 info-subtitulo\" >\n\t\t<div class=\"wpb_wrapper\">\n\t\t\t<p style=\"font-size: 26px; font-weight: 500; color: #3e3e3f;\">Guadalupe de Cartago, Costa Rica<\/p>\n\n\t\t<\/div>\n\t<\/div>\n\n\t<div class=\"wpb_text_column wpb_content_element info-detalle\" >\n\t\t<div class=\"wpb_wrapper\">\n\t\t\t<p style=\"font-size: 20px;\">From Francisca Carrasco School, 50 meters southwest, on the road to the Industrial Park<\/p>\n\n\t\t<\/div>\n\t<\/div>\n<\/div><\/div><\/div><\/div><div class=\"vc_row wpb_row vc_row-fluid vc_column-gap-35 vc_row-o-content-top vc_row-flex\"><div class=\"wpb_column vc_column_container vc_col-sm-6 sc_layouts_column_icons_position_left\"><div class=\"vc_column-inner\"><div class=\"wpb_wrapper\"><div class=\"vc_row wpb_row vc_inner vc_row-fluid info-container\"><div class=\"icon-contacto wpb_column vc_column_container vc_col-sm-2 sc_layouts_column_icons_position_left\"><div class=\"vc_column-inner\"><div class=\"wpb_wrapper\">\n\t<div  class=\"wpb_single_image wpb_content_element vc_align_left wpb_content_element\">\n\t\t\n\t\t<figure class=\"wpb_wrapper vc_figure\">\n\t\t\t<div class=\"vc_single_image-wrapper   vc_box_border_grey\"><img decoding=\"async\" class=\"vc_single_image-img\" src=\"https:\/\/hogarmanosdejesuscr.com\/wp-content\/uploads\/2024\/09\/VectorContactoHorario-54x54.webp\" width=\"54\" height=\"54\" alt=\"Icono reloj\" title=\"VectorContactoHorario\" loading=\"lazy\" \/><\/div>\n\t\t<\/figure>\n\t<\/div>\n<\/div><\/div><\/div><div class=\"wpb_column vc_column_container vc_col-sm-9 sc_layouts_column_icons_position_left\"><div class=\"vc_column-inner\"><div class=\"wpb_wrapper\">\n\t<div class=\"wpb_text_column wpb_content_element info-titulo\" >\n\t\t<div class=\"wpb_wrapper\">\n\t\t\t<p style=\"font-size: 28px; font-weight: bold; color: #3e3e3f;\">Office Hours<\/p>\n\n\t\t<\/div>\n\t<\/div>\n\n\t<div class=\"wpb_text_column wpb_content_element vc_custom_1727764933838 info-subtitulo\" >\n\t\t<div class=\"wpb_wrapper\">\n\t\t\t<p style=\"font-size: 26px; font-weight: 500; color: #3e3e3f;\">Monday to Friday<\/p>\n\n\t\t<\/div>\n\t<\/div>\n\n\t<div class=\"wpb_text_column wpb_content_element info-detalle\" >\n\t\t<div class=\"wpb_wrapper\">\n\t\t\t<p style=\"font-size: 20px;\">8 AM &#8211; 5:30 PM<\/p>\n\n\t\t<\/div>\n\t<\/div>\n\n\t<div class=\"wpb_text_column wpb_content_element vc_custom_1727764940115 info-subtitulo\" >\n\t\t<div class=\"wpb_wrapper\">\n\t\t\t<p style=\"font-size: 26px; font-weight: 500; color: #3e3e3f;\">Saturday - Sunday<\/p>\n\n\t\t<\/div>\n\t<\/div>\n\n\t<div class=\"wpb_text_column wpb_content_element info-detalle\" >\n\t\t<div class=\"wpb_wrapper\">\n\t\t\t<p style=\"font-size: 20px;\">Closed<\/p>\n\n\t\t<\/div>\n\t<\/div>\n\n\t<div class=\"wpb_text_column wpb_content_element vc_custom_1732729260980 visita-titulo\" >\n\t\t<div class=\"wpb_wrapper\">\n\t\t\t<p style=\"font-size: 28px; font-weight: bold; color: #3e3e3f;\">Visiting residents<\/p>\n\n\t\t<\/div>\n\t<\/div>\n\n\t<div class=\"wpb_text_column wpb_content_element vc_custom_1732729271765 visita-subtitulo\" >\n\t\t<div class=\"wpb_wrapper\">\n\t\t\t<p style=\"font-size: 26px; font-weight: 500; color: #3e3e3f;\">Appointment required at<\/p>\n\n\t\t<\/div>\n\t<\/div>\n\n\t<div class=\"wpb_text_column wpb_content_element info-detalle\" >\n\t\t<div class=\"wpb_wrapper\">\n\t\t\t<p style=\"font-size: 20px;\">+(506) 8931-3000<\/p>\n\n\t\t<\/div>\n\t<\/div>\n<\/div><\/div><\/div><\/div><\/div><\/div><\/div><div class=\"wpb_column vc_column_container vc_col-sm-6 sc_layouts_column_icons_position_left\"><div class=\"vc_column-inner\"><div class=\"wpb_wrapper\"><div class=\"vc_row wpb_row vc_inner vc_row-fluid info-redes-container\"><div class=\"icon-contacto wpb_column vc_column_container vc_col-sm-2 sc_layouts_column_icons_position_left\"><div class=\"vc_column-inner\"><div class=\"wpb_wrapper\">\n\t<div  class=\"wpb_single_image wpb_content_element vc_align_left wpb_content_element\">\n\t\t\n\t\t<figure class=\"wpb_wrapper vc_figure\">\n\t\t\t<div class=\"vc_single_image-wrapper   vc_box_border_grey\"><img decoding=\"async\" class=\"vc_single_image-img\" src=\"https:\/\/hogarmanosdejesuscr.com\/wp-content\/uploads\/2024\/09\/VectorContactoTelefono-54x54.webp\" width=\"54\" height=\"54\" alt=\"Icono telefono\" title=\"VectorContactoTel\u00e9fono\" loading=\"lazy\" \/><\/div>\n\t\t<\/figure>\n\t<\/div>\n<\/div><\/div><\/div><div class=\"wpb_column vc_column_container vc_col-sm-9 sc_layouts_column_icons_position_left\"><div class=\"vc_column-inner\"><div class=\"wpb_wrapper\">\n\t<div class=\"wpb_text_column wpb_content_element info-titulo\" >\n\t\t<div class=\"wpb_wrapper\">\n\t\t\t<p style=\"font-size: 28px; font-weight: bold; color: #3e3e3f;\">Phone Number<\/p>\n\n\t\t<\/div>\n\t<\/div>\n\n\t<div class=\"wpb_text_column wpb_content_element vc_custom_1727765137850 info-subtitulo\" >\n\t\t<div class=\"wpb_wrapper\">\n\t\t\t<p style=\"font-size: 26px; font-weight: 500; color: #3e3e3f;\">+(506) 2552-6982<\/p>\n\n\t\t<\/div>\n\t<\/div>\n<\/div><\/div><\/div><\/div><div class=\"vc_row wpb_row vc_inner vc_row-fluid info-redes-container vc_custom_1731515315185\"><div class=\"icon-contacto wpb_column vc_column_container vc_col-sm-2 sc_layouts_column_icons_position_left\"><div class=\"vc_column-inner\"><div class=\"wpb_wrapper\">\n\t<div  class=\"wpb_single_image wpb_content_element vc_align_left wpb_content_element\">\n\t\t\n\t\t<figure class=\"wpb_wrapper vc_figure\">\n\t\t\t<div class=\"vc_single_image-wrapper   vc_box_border_grey\"><img decoding=\"async\" class=\"vc_single_image-img\" src=\"https:\/\/hogarmanosdejesuscr.com\/wp-content\/uploads\/2024\/09\/VectorContactoCorreo-59x54.webp\" width=\"59\" height=\"54\" alt=\"Icono correo\" title=\"VectorContactoCorreo\" loading=\"lazy\" \/><\/div>\n\t\t<\/figure>\n\t<\/div>\n<\/div><\/div><\/div><div class=\"wpb_column vc_column_container vc_col-sm-9 sc_layouts_column_icons_position_left\"><div class=\"vc_column-inner\"><div class=\"wpb_wrapper\">\n\t<div class=\"wpb_text_column wpb_content_element vc_custom_1727764721655 info-titulo\" >\n\t\t<div class=\"wpb_wrapper\">\n\t\t\t<p style=\"font-size: 28px; font-weight: bold; color: #3e3e3f;\">Email Address<\/p>\n\n\t\t<\/div>\n\t<\/div>\n\n\t<div class=\"wpb_text_column wpb_content_element info-subtitulo\" >\n\t\t<div class=\"wpb_wrapper\">\n\t\t\t<p><a href=\"mailto:info@hmjcr.org\">info@hmjcr.org<\/a><\/p>\n\n\t\t<\/div>\n\t<\/div>\n<\/div><\/div><\/div><\/div><div class=\"vc_row wpb_row vc_inner vc_row-fluid info-redes-container\"><div class=\"icon-contacto wpb_column vc_column_container vc_col-sm-2 sc_layouts_column_icons_position_left\"><div class=\"vc_column-inner\"><div class=\"wpb_wrapper\">\n\t<div  class=\"wpb_single_image wpb_content_element vc_align_left wpb_content_element\">\n\t\t\n\t\t<figure class=\"wpb_wrapper vc_figure\">\n\t\t\t<div class=\"vc_single_image-wrapper   vc_box_border_grey\"><img decoding=\"async\" class=\"vc_single_image-img\" src=\"https:\/\/hogarmanosdejesuscr.com\/wp-content\/uploads\/2024\/09\/VectorContactoFacebook-54x54.webp\" width=\"54\" height=\"54\" alt=\"Icono facebook\" title=\"VectorContactoFacebook\" loading=\"lazy\" \/><\/div>\n\t\t<\/figure>\n\t<\/div>\n<\/div><\/div><\/div><div class=\"wpb_column vc_column_container vc_col-sm-9 sc_layouts_column_icons_position_left\"><div class=\"vc_column-inner\"><div class=\"wpb_wrapper\">\n\t<div class=\"wpb_text_column wpb_content_element vc_custom_1727764728657 info-titulo\" >\n\t\t<div class=\"wpb_wrapper\">\n\t\t\t<p style=\"font-size: 28px; font-weight: bold; color: #3e3e3f;\">Facebook<\/p>\n\n\t\t<\/div>\n\t<\/div>\n\n\t<div class=\"wpb_text_column wpb_content_element info-subtitulo\" >\n\t\t<div class=\"wpb_wrapper\">\n\t\t\t<p><a href=\"https:\/\/www.facebook.com\/profile.php?id=100070235491212\">Hogar Manos de Jes\u00fas<\/a><\/p>\n\n\t\t<\/div>\n\t<\/div>\n<\/div><\/div><\/div><\/div><div class=\"vc_row wpb_row vc_inner vc_row-fluid info-redes-container\"><div class=\"icon-contacto wpb_column vc_column_container vc_col-sm-2 sc_layouts_column_icons_position_left\"><div class=\"vc_column-inner\"><div class=\"wpb_wrapper\">\n\t<div  class=\"wpb_single_image wpb_content_element vc_align_left wpb_content_element\">\n\t\t\n\t\t<figure class=\"wpb_wrapper vc_figure\">\n\t\t\t<div class=\"vc_single_image-wrapper   vc_box_border_grey\"><img decoding=\"async\" class=\"vc_single_image-img\" src=\"https:\/\/hogarmanosdejesuscr.com\/wp-content\/uploads\/2024\/11\/logotipo-de-instagram-1-54x54.png\" width=\"54\" height=\"54\" alt=\"Icono instagram\" title=\"logotipo-de-instagram (1)\" loading=\"lazy\" \/><\/div>\n\t\t<\/figure>\n\t<\/div>\n<\/div><\/div><\/div><div class=\"wpb_column vc_column_container vc_col-sm-9 sc_layouts_column_icons_position_left\"><div class=\"vc_column-inner\"><div class=\"wpb_wrapper\">\n\t<div class=\"wpb_text_column wpb_content_element vc_custom_1731514467209 info-titulo\" >\n\t\t<div class=\"wpb_wrapper\">\n\t\t\t<p style=\"font-size: 28px; font-weight: bold; color: #3e3e3f;\">Instagram<\/p>\n\n\t\t<\/div>\n\t<\/div>\n\n\t<div class=\"wpb_text_column wpb_content_element info-subtitulo\" >\n\t\t<div class=\"wpb_wrapper\">\n\t\t\t<p><a href=\"https:\/\/www.instagram.com\/hogarmanosdejesus?igsh=dDY1d3Uxc2t3Ym9s\">@hogarmanosdejesus<\/a><\/p>\n\n\t\t<\/div>\n\t<\/div>\n<\/div><\/div><\/div><\/div><\/div><\/div><\/div><\/div><\/section><div class=\"vc_row wpb_row vc_row-fluid formulario-contacto-naranja vc_row-o-content-middle vc_row-flex\"><div class=\"wpb_column vc_column_container vc_col-sm-12 sc_layouts_column sc_layouts_column_align_center sc_layouts_column_icons_position_left\"><div class=\"vc_column-inner\"><div class=\"wpb_wrapper\">\n\t<div class=\"wpb_text_column wpb_content_element titulo-formulario-contacto\" >\n\t\t<div class=\"wpb_wrapper\">\n\t\t\t<p>Contact us<\/p>\n\n\t\t<\/div>\n\t<\/div>\n\n\t<div class=\"wpb_text_column wpb_content_element texto-formulario\" >\n\t\t<div class=\"wpb_wrapper\">\n\t\t\t<p>If you want more information, you can fill out the form with your details so our team can contact you<\/p>\n\n\t\t<\/div>\n\t<\/div>\n\n<div class=\"wpcf7 no-js\" id=\"wpcf7-f10-o1\" lang=\"es-CR\" dir=\"ltr\" data-wpcf7-id=\"10\">\n<div class=\"screen-reader-response\"><p role=\"status\" aria-live=\"polite\" aria-atomic=\"true\"><\/p> <ul><\/ul><\/div>\n<form action=\"\/en\/wp-json\/wp\/v2\/pages\/56#wpcf7-f10-o1\" method=\"post\" class=\"wpcf7-form init\" aria-label=\"Contact form\" novalidate=\"novalidate\" data-status=\"init\" data-trp-original-action=\"\/en\/wp-json\/wp\/v2\/pages\/56#wpcf7-f10-o1\">\n<fieldset class=\"hidden-fields-container\"><input type=\"hidden\" name=\"_wpcf7\" value=\"10\" \/><input type=\"hidden\" name=\"_wpcf7_version\" value=\"6.1\" \/><input type=\"hidden\" name=\"_wpcf7_locale\" value=\"es_CR\" \/><input type=\"hidden\" name=\"_wpcf7_unit_tag\" value=\"wpcf7-f10-o1\" \/><input type=\"hidden\" name=\"_wpcf7_container_post\" value=\"0\" \/><input type=\"hidden\" name=\"_wpcf7_posted_data_hash\" value=\"\" \/><input type=\"hidden\" name=\"_wpcf7_recaptcha_response\" value=\"\" \/>\n<\/fieldset>\n<div class=\"formulario-donar\">\n    <label class=\"label-height\">\n        <span class=\"wpcf7-form-control-wrap\" data-name=\"nombre-completo\"><input size=\"40\" maxlength=\"400\" class=\"wpcf7-form-control wpcf7-text wpcf7-validates-as-required\" aria-required=\"true\" aria-invalid=\"false\" placeholder=\"Full Name\" value=\"\" type=\"text\" name=\"nombre-completo\" \/><\/span>\n    <\/label>\n\n    <div class=\"input-container\" style=\"gap: 30px;\">\n        <label class=\"label-height\">\n            <p class=\"input-m\"><span class=\"wpcf7-form-control-wrap\" data-name=\"telefono\"><input size=\"40\" maxlength=\"400\" class=\"wpcf7-form-control wpcf7-tel wpcf7-validates-as-required wpcf7-text wpcf7-validates-as-tel\" aria-required=\"true\" aria-invalid=\"false\" placeholder=\"Phone Number\" value=\"\" type=\"tel\" name=\"telefono\" \/><\/span><\/p>\n        <\/label>\n        \n        <label class=\"label-height\">\n            <p class=\"input-m\"><span class=\"wpcf7-form-control-wrap\" data-name=\"correo\"><input size=\"40\" maxlength=\"400\" class=\"wpcf7-form-control wpcf7-email wpcf7-validates-as-required wpcf7-text wpcf7-validates-as-email\" aria-required=\"true\" aria-invalid=\"false\" placeholder=\"Email Address\" value=\"\" type=\"email\" name=\"correo\" \/><\/span><\/p>\n        <\/label>\n    <\/div>\n\n    <label> \n        <span class=\"wpcf7-form-control-wrap\" data-name=\"mensaje\"><textarea cols=\"40\" rows=\"10\" maxlength=\"2000\" class=\"wpcf7-form-control wpcf7-textarea\" aria-invalid=\"false\" placeholder=\"Mensaje\" name=\"mensaje\"><\/textarea><\/span>\n    <\/label>\n\n    <input class=\"wpcf7-form-control wpcf7-submit has-spinner\" type=\"submit\" value=\"Send\" \/>\n\n<\/div><p style=\"display: none !important;\" class=\"akismet-fields-container\" data-prefix=\"_wpcf7_ak_\"><label>&#916;<textarea name=\"_wpcf7_ak_hp_textarea\" cols=\"45\" rows=\"8\" maxlength=\"100\"><\/textarea><\/label><input type=\"hidden\" id=\"ak_js_1\" name=\"_wpcf7_ak_js\" value=\"60\"\/><script>document.getElementById( \"ak_js_1\" ).setAttribute( \"value\", ( new Date() ).getTime() );<\/script><\/p><div class=\"wpcf7-response-output\" aria-hidden=\"true\"><\/div>\n<input type=\"hidden\" name=\"trp-form-language\" value=\"en\"\/><\/form>\n<\/div>\n<\/div><\/div><\/div><\/div><div id=\"footer-top\" data-vc-full-width=\"true\" data-vc-full-width-init=\"false\" data-vc-stretch-content=\"true\" class=\"vc_row wpb_row vc_row-fluid vc_row-no-padding vc_row-o-equal-height vc_row-o-content-bottom vc_row-flex\"><div class=\"wpb_column vc_column_container vc_col-sm-12 sc_layouts_column_icons_position_left\"><div class=\"vc_column-inner vc_custom_1725991365636\"><div class=\"wpb_wrapper\">\n\t<div  class=\"wpb_single_image wpb_content_element vc_align_left wpb_content_element vc_custom_1726513122622\">\n\t\t\n\t\t<figure class=\"wpb_wrapper vc_figure\">\n\t\t\t<div class=\"vc_single_image-wrapper   vc_box_border_grey\"><img loading=\"lazy\" decoding=\"async\" width=\"1920\" height=\"140\" src=\"https:\/\/hogarmanosdejesuscr.com\/wp-content\/uploads\/2024\/09\/Footer-bien-e1725996006317.webp\" class=\"vc_single_image-img attachment-full\" alt=\"Footer-top\" title=\"Footer\" srcset=\"https:\/\/hogarmanosdejesuscr.com\/wp-content\/uploads\/2024\/09\/Footer-bien-e1725996006317.webp 1920w, https:\/\/hogarmanosdejesuscr.com\/wp-content\/uploads\/2024\/09\/Footer-bien-e1725996006317-300x22.webp 300w, https:\/\/hogarmanosdejesuscr.com\/wp-content\/uploads\/2024\/09\/Footer-bien-e1725996006317-1024x75.webp 1024w, https:\/\/hogarmanosdejesuscr.com\/wp-content\/uploads\/2024\/09\/Footer-bien-e1725996006317-768x56.webp 768w, https:\/\/hogarmanosdejesuscr.com\/wp-content\/uploads\/2024\/09\/Footer-bien-e1725996006317-1536x112.webp 1536w, https:\/\/hogarmanosdejesuscr.com\/wp-content\/uploads\/2024\/09\/Footer-bien-e1725996006317-370x27.webp 370w, https:\/\/hogarmanosdejesuscr.com\/wp-content\/uploads\/2024\/09\/Footer-bien-e1725996006317-760x55.webp 760w\" sizes=\"auto, (max-width: 1920px) 100vw, 1920px\" \/><\/div>\n\t\t<\/figure>\n\t<\/div>\n<\/div><\/div><\/div><\/div><div class=\"vc_row-full-width vc_clearfix\"><\/div>\n<\/div>","protected":false},"excerpt":{"rendered":"Contacto Un acto, mil sonrisas Ubicaci\u00f3n Guadalupe de Cartago, Costa Rica Del Colegio Francisca Carrasco, 50 metros al suroeste, carretera hacia el Parque Industrial Horario de oficina Lunes a Viernes 8 AM - 5:30 PM S\u00e1bado - Domingo Cerrado Visita a residentes Cita previa al +(506) 8931-3000 N\u00famero de Tel\u00e9fono +(506) 2552-6982 Correo electr\u00f3nico info@hmjcr.org Facebook Hogar Manos de Jes\u00fas&hellip;","protected":false},"author":2,"featured_media":0,"parent":0,"menu_order":0,"comment_status":"closed","ping_status":"closed","template":"","meta":{"footnotes":""},"class_list":["post-56","page","type-page","status-publish","hentry"],"yoast_head":"<!-- This site is optimized with the Yoast SEO plugin v25.6 - https:\/\/yoast.com\/wordpress\/plugins\/seo\/ -->\n<title>Contacto - Hogar Manos de Jes\u00fas<\/title>\n<meta name=\"robots\" content=\"index, follow, max-snippet:-1, max-image-preview:large, max-video-preview:-1\" \/>\n<link rel=\"canonical\" href=\"https:\/\/hogarmanosdejesuscr.com\/en\/contacto\/\" \/>\n<meta property=\"og:locale\" content=\"en_US\" \/>\n<meta property=\"og:type\" content=\"article\" \/>\n<meta property=\"og:title\" content=\"Contacto - Hogar Manos de Jes\u00fas\" \/>\n<meta property=\"og:url\" content=\"https:\/\/hogarmanosdejesuscr.com\/en\/contacto\/\" \/>\n<meta property=\"og:site_name\" content=\"Hogar Manos de Jes\u00fas\" \/>\n<meta property=\"article:modified_time\" content=\"2024-11-27T17:41:13+00:00\" \/>\n<meta name=\"twitter:card\" content=\"summary_large_image\" \/>\n<meta name=\"twitter:label1\" content=\"Est. reading time\" \/>\n\t<meta name=\"twitter:data1\" content=\"4 minutes\" \/>\n<script type=\"application\/ld+json\" class=\"yoast-schema-graph\">{\"@context\":\"https:\/\/schema.org\",\"@graph\":[{\"@type\":\"WebPage\",\"@id\":\"https:\/\/hogarmanosdejesuscr.com\/contacto\/\",\"url\":\"https:\/\/hogarmanosdejesuscr.com\/contacto\/\",\"name\":\"Contacto - Hogar Manos de Jes\u00fas\",\"isPartOf\":{\"@id\":\"https:\/\/52.87.197.200\/#website\"},\"datePublished\":\"2024-08-21T17:42:44+00:00\",\"dateModified\":\"2024-11-27T17:41:13+00:00\",\"breadcrumb\":{\"@id\":\"https:\/\/hogarmanosdejesuscr.com\/contacto\/#breadcrumb\"},\"inLanguage\":\"en-US\",\"potentialAction\":[{\"@type\":\"ReadAction\",\"target\":[\"https:\/\/hogarmanosdejesuscr.com\/contacto\/\"]}]},{\"@type\":\"BreadcrumbList\",\"@id\":\"https:\/\/hogarmanosdejesuscr.com\/contacto\/#breadcrumb\",\"itemListElement\":[{\"@type\":\"ListItem\",\"position\":1,\"name\":\"Portada\",\"item\":\"https:\/\/52.87.197.200\/\"},{\"@type\":\"ListItem\",\"position\":2,\"name\":\"Contacto\"}]},{\"@type\":\"WebSite\",\"@id\":\"https:\/\/52.87.197.200\/#website\",\"url\":\"https:\/\/52.87.197.200\/\",\"name\":\"Hogar Manos de Jes\u00fas\",\"description\":\"\",\"potentialAction\":[{\"@type\":\"SearchAction\",\"target\":{\"@type\":\"EntryPoint\",\"urlTemplate\":\"https:\/\/52.87.197.200\/?s={search_term_string}\"},\"query-input\":{\"@type\":\"PropertyValueSpecification\",\"valueRequired\":true,\"valueName\":\"search_term_string\"}}],\"inLanguage\":\"en-US\"}]}<\/script>\n<!-- \/ Yoast SEO plugin. -->","yoast_head_json":{"title":"Contacto - Hogar Manos de Jes\u00fas","robots":{"index":"index","follow":"follow","max-snippet":"max-snippet:-1","max-image-preview":"max-image-preview:large","max-video-preview":"max-video-preview:-1"},"canonical":"https:\/\/hogarmanosdejesuscr.com\/en\/contacto\/","og_locale":"en_US","og_type":"article","og_title":"Contacto - Hogar Manos de Jes\u00fas","og_url":"https:\/\/hogarmanosdejesuscr.com\/en\/contacto\/","og_site_name":"Hogar Manos de Jes\u00fas","article_modified_time":"2024-11-27T17:41:13+00:00","twitter_card":"summary_large_image","twitter_misc":{"Est. reading time":"4 minutes"},"schema":{"@context":"https:\/\/schema.org","@graph":[{"@type":"WebPage","@id":"https:\/\/hogarmanosdejesuscr.com\/contacto\/","url":"https:\/\/hogarmanosdejesuscr.com\/contacto\/","name":"Contacto - Hogar Manos de Jes\u00fas","isPartOf":{"@id":"https:\/\/52.87.197.200\/#website"},"datePublished":"2024-08-21T17:42:44+00:00","dateModified":"2024-11-27T17:41:13+00:00","breadcrumb":{"@id":"https:\/\/hogarmanosdejesuscr.com\/contacto\/#breadcrumb"},"inLanguage":"en-US","potentialAction":[{"@type":"ReadAction","target":["https:\/\/hogarmanosdejesuscr.com\/contacto\/"]}]},{"@type":"BreadcrumbList","@id":"https:\/\/hogarmanosdejesuscr.com\/contacto\/#breadcrumb","itemListElement":[{"@type":"ListItem","position":1,"name":"Portada","item":"https:\/\/52.87.197.200\/"},{"@type":"ListItem","position":2,"name":"Contacto"}]},{"@type":"WebSite","@id":"https:\/\/52.87.197.200\/#website","url":"https:\/\/52.87.197.200\/","name":"Hogar Manos de Jes\u00fas","description":"","potentialAction":[{"@type":"SearchAction","target":{"@type":"EntryPoint","urlTemplate":"https:\/\/52.87.197.200\/?s={search_term_string}"},"query-input":{"@type":"PropertyValueSpecification","valueRequired":true,"valueName":"search_term_string"}}],"inLanguage":"en-US"}]}},"_links":{"self":[{"href":"https:\/\/hogarmanosdejesuscr.com\/en\/wp-json\/wp\/v2\/pages\/56","targetHints":{"allow":["GET"]}}],"collection":[{"href":"https:\/\/hogarmanosdejesuscr.com\/en\/wp-json\/wp\/v2\/pages"}],"about":[{"href":"https:\/\/hogarmanosdejesuscr.com\/en\/wp-json\/wp\/v2\/types\/page"}],"author":[{"embeddable":true,"href":"https:\/\/hogarmanosdejesuscr.com\/en\/wp-json\/wp\/v2\/users\/2"}],"replies":[{"embeddable":true,"href":"https:\/\/hogarmanosdejesuscr.com\/en\/wp-json\/wp\/v2\/comments?post=56"}],"version-history":[{"count":0,"href":"https:\/\/hogarmanosdejesuscr.com\/en\/wp-json\/wp\/v2\/pages\/56\/revisions"}],"wp:attachment":[{"href":"https:\/\/hogarmanosdejesuscr.com\/en\/wp-json\/wp\/v2\/media?parent=56"}],"curies":[{"name":"wp","href":"https:\/\/api.w.org\/{rel}","templated":true}]}}